{"id":2406,"date":"2023-10-07T15:37:34","date_gmt":"2023-10-07T12:37:34","guid":{"rendered":"https:\/\/www.hakimbeykonagi.com.tr\/?page_id=2406"},"modified":"2025-06-04T09:55:43","modified_gmt":"2025-06-04T06:55:43","slug":"restaurant","status":"publish","type":"page","link":"https:\/\/www.hakimbeykonagi.com.tr\/ar\/restaurant\/","title":{"rendered":"\u0645\u0637\u0639\u0645"},"content":{"rendered":"<div data-elementor-type=\"wp-post\" data-elementor-id=\"2406\" class=\"elementor elementor-2406\">\n\t\t\t\t\t\t<section class=\"elementor-section elementor-top-section elementor-element elementor-element-ee2f948 elementor-section-full_width elementor-section-height-min-height elementor-section-items-bottom elementor-section-height-default\" data-id=\"ee2f948\" data-element_type=\"section\" data-settings=\"{&quot;background_background&quot;:&quot;classic&quot;}\">\n\t\t\t\t\t\t<div class=\"elementor-container elementor-column-gap-default\">\n\t\t\t\t\t<div class=\"elementor-column elementor-col-100 elementor-top-column elementor-element elementor-element-24e7dff\" data-id=\"24e7dff\" data-element_type=\"column\">\n\t\t\t<div class=\"elementor-widget-wrap elementor-element-populated\">\n\t\t\t\t\t\t<div class=\"elementor-element elementor-element-6f414f4 elementor-widget elementor-widget-spacer\" data-id=\"6f414f4\" data-element_type=\"widget\" data-widget_type=\"spacer.default\">\n\t\t\t\t<div class=\"elementor-widget-container\">\n\t\t\t\t\t<div class=\"elementor-spacer\">\n\t\t\t<div class=\"elementor-spacer-inner\"><\/div>\n\t\t<\/div>\n\t\t\t\t<\/div>\n\t\t\t\t<\/div>\n\t\t\t\t<div class=\"elementor-element elementor-element-68fbb24 elementor-widget elementor-widget-thhf-page-title\" data-id=\"68fbb24\" data-element_type=\"widget\" data-settings=\"{&quot;align&quot;:&quot;center&quot;}\" data-widget_type=\"thhf-page-title.default\">\n\t\t\t\t<div class=\"elementor-widget-container\">\n\t\t\t\t\t\n\t\t<div class=\"hfe-page-title hfe-page-title-wrapper elementor-widget-heading\">\n\n\t\t\t\t\t\t\t\t<h2 class=\"elementor-heading-title elementor-size-default\">\n\t\t\t\t\t\t\t\t\n\t\t\t\t\u0645\u0637\u0639\u0645  \n\t\t\t<\/h2> \n\t\t\t\t\t<\/div>\n\t\t\t\t<\/div>\n\t\t\t\t<\/div>\n\t\t\t\t\t<\/div>\n\t\t<\/div>\n\t\t\t\t\t<\/div>\n\t\t<\/section>\n\t\t\t\t<section class=\"elementor-section elementor-top-section elementor-element elementor-element-71a18e4 elementor-section-boxed elementor-section-height-default elementor-section-height-default\" data-id=\"71a18e4\" data-element_type=\"section\" data-settings=\"{&quot;background_background&quot;:&quot;classic&quot;}\">\n\t\t\t\t\t\t<div class=\"elementor-container elementor-column-gap-default\">\n\t\t\t\t\t<div class=\"elementor-column elementor-col-50 elementor-top-column elementor-element elementor-element-0765a13\" data-id=\"0765a13\" data-element_type=\"column\">\n\t\t\t<div class=\"elementor-widget-wrap elementor-element-populated\">\n\t\t\t\t\t\t<div class=\"elementor-element elementor-element-05236ce elementor-widget elementor-widget-thhf-page-title\" data-id=\"05236ce\" data-element_type=\"widget\" data-settings=\"{&quot;align&quot;:&quot;left&quot;}\" data-widget_type=\"thhf-page-title.default\">\n\t\t\t\t<div class=\"elementor-widget-container\">\n\t\t\t\t\t\n\t\t<div class=\"hfe-page-title hfe-page-title-wrapper elementor-widget-heading\">\n\n\t\t\t\t\t\t\t\t<h2 class=\"elementor-heading-title elementor-size-default\">\n\t\t\t\t\t\t\t\t\n\t\t\t\t\u0645\u0637\u0639\u0645  \n\t\t\t<\/h2> \n\t\t\t\t\t<\/div>\n\t\t\t\t<\/div>\n\t\t\t\t<\/div>\n\t\t\t\t<div class=\"elementor-element elementor-element-de63d30 elementor-widget elementor-widget-text-editor\" data-id=\"de63d30\" data-element_type=\"widget\" data-widget_type=\"text-editor.default\">\n\t\t\t\t<div class=\"elementor-widget-container\">\n\t\t\t\t\t\t\t<p>\u0642\u0645 \u0628\u0627\u0644\u062d\u062c\u0632 \u0627\u0644\u0622\u0646 \u0644\u062a\u0643\u062a\u0634\u0641 \u0623\u0630\u0648\u0627\u0642 \u0623\u0637\u0628\u0627\u0642 \u0623\u0648\u0631\u0641\u0627 \u0627\u0644\u0645\u062d\u0644\u064a\u0629 \u0627\u0644\u0634\u0647\u064a\u0631\u0629 \u0641\u064a \u0645\u0637\u0639\u0645 \u062d\u0643\u064a\u0645\u0628\u064a \u0643\u0648\u0646\u0627\u062c\u064a \u0627\u0644\u0648\u0627\u0642\u0639 \u0641\u064a \u0634\u0627\u0646\u0644\u064a \u0623\u0648\u0631\u0641\u0627.<\/p>\t\t\t\t\t\t<\/div>\n\t\t\t\t<\/div>\n\t\t\t\t\t<\/div>\n\t\t<\/div>\n\t\t\t\t<div class=\"elementor-column elementor-col-50 elementor-top-column elementor-element elementor-element-496ce28\" data-id=\"496ce28\" data-element_type=\"column\">\n\t\t\t<div class=\"elementor-widget-wrap elementor-element-populated\">\n\t\t\t\t\t\t<div class=\"elementor-element elementor-element-de5e6f3 elementor-widget elementor-widget-thhf-post-image\" data-id=\"de5e6f3\" data-element_type=\"widget\" data-widget_type=\"thhf-post-image.default\">\n\t\t\t\t<div class=\"elementor-widget-container\">\n\t\t\t        <div class=\"hfe-post-image hfe-post-image-wrapper\">\n            <figure class=\"wp-caption\">\n                            <a href=\"https:\/\/www.hakimbeykonagi.com.tr\/wp-content\/uploads\/2023\/10\/hakimbey-konagi-yeni-banner-01-4-1024x678.jpg\">\n                \n                    <img fetchpriority=\"high\" decoding=\"async\" width=\"1024\" height=\"678\" src=\"https:\/\/www.hakimbeykonagi.com.tr\/wp-content\/uploads\/2023\/10\/hakimbey-konagi-yeni-banner-01-4-1024x678.jpg\" class=\"attachment-large size-large wp-image-2254\" alt=\"\" srcset=\"https:\/\/www.hakimbeykonagi.com.tr\/wp-content\/uploads\/2023\/10\/hakimbey-konagi-yeni-banner-01-4-1024x678.jpg 1024w, https:\/\/www.hakimbeykonagi.com.tr\/wp-content\/uploads\/2023\/10\/hakimbey-konagi-yeni-banner-01-4-300x199.jpg 300w, https:\/\/www.hakimbeykonagi.com.tr\/wp-content\/uploads\/2023\/10\/hakimbey-konagi-yeni-banner-01-4-768x509.jpg 768w, https:\/\/www.hakimbeykonagi.com.tr\/wp-content\/uploads\/2023\/10\/hakimbey-konagi-yeni-banner-01-4-121x80.jpg 121w, https:\/\/www.hakimbeykonagi.com.tr\/wp-content\/uploads\/2023\/10\/hakimbey-konagi-yeni-banner-01-4-394x261.jpg 394w, https:\/\/www.hakimbeykonagi.com.tr\/wp-content\/uploads\/2023\/10\/hakimbey-konagi-yeni-banner-01-4-915x606.jpg 915w, https:\/\/www.hakimbeykonagi.com.tr\/wp-content\/uploads\/2023\/10\/hakimbey-konagi-yeni-banner-01-4-1240x821.jpg 1240w, https:\/\/www.hakimbeykonagi.com.tr\/wp-content\/uploads\/2023\/10\/hakimbey-konagi-yeni-banner-01-4-60x40.jpg 60w, https:\/\/www.hakimbeykonagi.com.tr\/wp-content\/uploads\/2023\/10\/hakimbey-konagi-yeni-banner-01-4.jpg 1300w\" sizes=\"(max-width: 1024px) 100vw, 1024px\" \/>                    <\/a>                                <\/figure>\n        <\/div>\n        \t\t<\/div>\n\t\t\t\t<\/div>\n\t\t\t\t\t<\/div>\n\t\t<\/div>\n\t\t\t\t\t<\/div>\n\t\t<\/section>\n\t\t\t\t<section class=\"elementor-section elementor-top-section elementor-element elementor-element-91a0aa8 elementor-section-boxed elementor-section-height-default elementor-section-height-default\" data-id=\"91a0aa8\" data-element_type=\"section\">\n\t\t\t\t\t\t<div class=\"elementor-container elementor-column-gap-default\">\n\t\t\t\t\t<div class=\"elementor-column elementor-col-100 elementor-top-column elementor-element elementor-element-41cee42\" data-id=\"41cee42\" data-element_type=\"column\">\n\t\t\t<div class=\"elementor-widget-wrap elementor-element-populated\">\n\t\t\t\t\t\t<div class=\"elementor-element elementor-element-0733d0e elementor-widget elementor-widget-spacer\" data-id=\"0733d0e\" data-element_type=\"widget\" data-widget_type=\"spacer.default\">\n\t\t\t\t<div class=\"elementor-widget-container\">\n\t\t\t\t\t<div class=\"elementor-spacer\">\n\t\t\t<div class=\"elementor-spacer-inner\"><\/div>\n\t\t<\/div>\n\t\t\t\t<\/div>\n\t\t\t\t<\/div>\n\t\t\t\t\t<\/div>\n\t\t<\/div>\n\t\t\t\t\t<\/div>\n\t\t<\/section>\n\t\t\t\t<\/div>","protected":false},"excerpt":{"rendered":"<p>Restaurant Restaurant \u015eanl\u0131urfa`da faaliyet g\u00f6steren Hakimbey Kona\u011f\u0131`nda Urfa\u2019n\u0131n me\u015fhur y\u00f6resel yemeklerinin tad\u0131na doyamayaca\u011f\u0131n\u0131z lezzetleri ke\u015ffetmek i\u00e7in hemen rezervasyon yap\u0131n.<\/p>","protected":false},"author":2,"featured_media":2254,"parent":0,"menu_order":31,"comment_status":"closed","ping_status":"closed","template":"","meta":{"footnotes":""},"class_list":["post-2406","page","type-page","status-publish","has-post-thumbnail","hentry"],"_links":{"self":[{"href":"https:\/\/www.hakimbeykonagi.com.tr\/ar\/wp-json\/wp\/v2\/pages\/2406","targetHints":{"allow":["GET"]}}],"collection":[{"href":"https:\/\/www.hakimbeykonagi.com.tr\/ar\/wp-json\/wp\/v2\/pages"}],"about":[{"href":"https:\/\/www.hakimbeykonagi.com.tr\/ar\/wp-json\/wp\/v2\/types\/page"}],"author":[{"embeddable":true,"href":"https:\/\/www.hakimbeykonagi.com.tr\/ar\/wp-json\/wp\/v2\/users\/2"}],"replies":[{"embeddable":true,"href":"https:\/\/www.hakimbeykonagi.com.tr\/ar\/wp-json\/wp\/v2\/comments?post=2406"}],"version-history":[{"count":1,"href":"https:\/\/www.hakimbeykonagi.com.tr\/ar\/wp-json\/wp\/v2\/pages\/2406\/revisions"}],"predecessor-version":[{"id":3341,"href":"https:\/\/www.hakimbeykonagi.com.tr\/ar\/wp-json\/wp\/v2\/pages\/2406\/revisions\/3341"}],"wp:featuredmedia":[{"embeddable":true,"href":"https:\/\/www.hakimbeykonagi.com.tr\/ar\/wp-json\/wp\/v2\/media\/2254"}],"wp:attachment":[{"href":"https:\/\/www.hakimbeykonagi.com.tr\/ar\/wp-json\/wp\/v2\/media?parent=2406"}],"curies":[{"name":"wp","href":"https:\/\/api.w.org\/{rel}","templated":true}]}}