{"id":2319,"date":"2023-10-07T15:01:58","date_gmt":"2023-10-07T12:01:58","guid":{"rendered":"https:\/\/www.hakimbeykonagi.com.tr\/?page_id=2319"},"modified":"2025-06-04T09:55:14","modified_gmt":"2025-06-04T06:55:14","slug":"sira-gecesi-organizasyonu","status":"publish","type":"page","link":"https:\/\/www.hakimbeykonagi.com.tr\/en\/sira-gecesi-organizasyonu\/","title":{"rendered":"Sira Night Organization"},"content":{"rendered":"<div data-elementor-type=\"wp-post\" data-elementor-id=\"2319\" class=\"elementor elementor-2319\">\n\t\t\t\t\t\t<section class=\"elementor-section elementor-top-section elementor-element elementor-element-6229ba4 elementor-section-full_width elementor-section-height-min-height elementor-section-items-bottom elementor-section-height-default\" data-id=\"6229ba4\" data-element_type=\"section\" data-settings=\"{&quot;background_background&quot;:&quot;classic&quot;}\">\n\t\t\t\t\t\t<div class=\"elementor-container elementor-column-gap-default\">\n\t\t\t\t\t<div class=\"elementor-column elementor-col-100 elementor-top-column elementor-element elementor-element-1f66876d\" data-id=\"1f66876d\" data-element_type=\"column\">\n\t\t\t<div class=\"elementor-widget-wrap elementor-element-populated\">\n\t\t\t\t\t\t<div class=\"elementor-element elementor-element-68d1557 elementor-widget elementor-widget-spacer\" data-id=\"68d1557\" data-element_type=\"widget\" data-widget_type=\"spacer.default\">\n\t\t\t\t<div class=\"elementor-widget-container\">\n\t\t\t\t\t<div class=\"elementor-spacer\">\n\t\t\t<div class=\"elementor-spacer-inner\"><\/div>\n\t\t<\/div>\n\t\t\t\t<\/div>\n\t\t\t\t<\/div>\n\t\t\t\t<div class=\"elementor-element elementor-element-6bb7b13 elementor-widget elementor-widget-thhf-page-title\" data-id=\"6bb7b13\" data-element_type=\"widget\" data-settings=\"{&quot;align&quot;:&quot;center&quot;}\" data-widget_type=\"thhf-page-title.default\">\n\t\t\t\t<div class=\"elementor-widget-container\">\n\t\t\t\t\t\n\t\t<div class=\"hfe-page-title hfe-page-title-wrapper elementor-widget-heading\">\n\n\t\t\t\t\t\t\t\t<h2 class=\"elementor-heading-title elementor-size-default\">\n\t\t\t\t\t\t\t\t\n\t\t\t\tSira Night Organization  \n\t\t\t<\/h2> \n\t\t\t\t\t<\/div>\n\t\t\t\t<\/div>\n\t\t\t\t<\/div>\n\t\t\t\t\t<\/div>\n\t\t<\/div>\n\t\t\t\t\t<\/div>\n\t\t<\/section>\n\t\t\t\t<section class=\"elementor-section elementor-top-section elementor-element elementor-element-da2db27 elementor-section-boxed elementor-section-height-default elementor-section-height-default\" data-id=\"da2db27\" data-element_type=\"section\" data-settings=\"{&quot;background_background&quot;:&quot;classic&quot;}\">\n\t\t\t\t\t\t<div class=\"elementor-container elementor-column-gap-default\">\n\t\t\t\t\t<div class=\"elementor-column elementor-col-50 elementor-top-column elementor-element elementor-element-0606632\" data-id=\"0606632\" data-element_type=\"column\">\n\t\t\t<div class=\"elementor-widget-wrap elementor-element-populated\">\n\t\t\t\t\t\t<div class=\"elementor-element elementor-element-0c7649d elementor-widget elementor-widget-thhf-page-title\" data-id=\"0c7649d\" data-element_type=\"widget\" data-settings=\"{&quot;align&quot;:&quot;left&quot;}\" data-widget_type=\"thhf-page-title.default\">\n\t\t\t\t<div class=\"elementor-widget-container\">\n\t\t\t\t\t\n\t\t<div class=\"hfe-page-title hfe-page-title-wrapper elementor-widget-heading\">\n\n\t\t\t\t\t\t\t\t<h2 class=\"elementor-heading-title elementor-size-default\">\n\t\t\t\t\t\t\t\t\n\t\t\t\tSira Night Organization  \n\t\t\t<\/h2> \n\t\t\t\t\t<\/div>\n\t\t\t\t<\/div>\n\t\t\t\t<\/div>\n\t\t\t\t<div class=\"elementor-element elementor-element-de63d30 elementor-widget elementor-widget-text-editor\" data-id=\"de63d30\" data-element_type=\"widget\" data-widget_type=\"text-editor.default\">\n\t\t\t\t<div class=\"elementor-widget-container\">\n\t\t\t\t\t\t\t<p>Urfa&#039;s Famous S\u0131ra Night is experienced in the most entertaining way at Hakimbey Mansion operating in \u015eanl\u0131urfa.<br \/>We provide our local and foreign guests with unforgettable Urfa S\u0131ra Night entertainment with our high quality service.<br \/>Sira nights organized by our team, who are familiar with Urfa culture and guest etiquette, will introduce you to the peaceful and brotherly climate of Urfa and enable you to experience Urfa in the real sense.<\/p><p>Sira Night is held on Saturdays.<\/p>\t\t\t\t\t\t<\/div>\n\t\t\t\t<\/div>\n\t\t\t\t\t<\/div>\n\t\t<\/div>\n\t\t\t\t<div class=\"elementor-column elementor-col-50 elementor-top-column elementor-element elementor-element-e8b3dcf\" data-id=\"e8b3dcf\" data-element_type=\"column\">\n\t\t\t<div class=\"elementor-widget-wrap elementor-element-populated\">\n\t\t\t\t\t\t<div class=\"elementor-element elementor-element-be83e44 elementor-widget elementor-widget-thhf-post-image\" data-id=\"be83e44\" data-element_type=\"widget\" data-widget_type=\"thhf-post-image.default\">\n\t\t\t\t<div class=\"elementor-widget-container\">\n\t\t\t        <div class=\"hfe-post-image hfe-post-image-wrapper\">\n            <figure class=\"wp-caption\">\n                            <a href=\"https:\/\/www.hakimbeykonagi.com.tr\/wp-content\/uploads\/2023\/10\/hakimbey-konagi-sira-gecesi-organizasyonu.jpg\">\n                \n                    <img fetchpriority=\"high\" decoding=\"async\" width=\"750\" height=\"460\" src=\"https:\/\/www.hakimbeykonagi.com.tr\/wp-content\/uploads\/2023\/10\/hakimbey-konagi-sira-gecesi-organizasyonu.jpg\" class=\"attachment-large size-large wp-image-2320\" alt=\"\" srcset=\"https:\/\/www.hakimbeykonagi.com.tr\/wp-content\/uploads\/2023\/10\/hakimbey-konagi-sira-gecesi-organizasyonu.jpg 750w, https:\/\/www.hakimbeykonagi.com.tr\/wp-content\/uploads\/2023\/10\/hakimbey-konagi-sira-gecesi-organizasyonu-300x184.jpg 300w, https:\/\/www.hakimbeykonagi.com.tr\/wp-content\/uploads\/2023\/10\/hakimbey-konagi-sira-gecesi-organizasyonu-130x80.jpg 130w, https:\/\/www.hakimbeykonagi.com.tr\/wp-content\/uploads\/2023\/10\/hakimbey-konagi-sira-gecesi-organizasyonu-394x242.jpg 394w, https:\/\/www.hakimbeykonagi.com.tr\/wp-content\/uploads\/2023\/10\/hakimbey-konagi-sira-gecesi-organizasyonu-65x40.jpg 65w\" sizes=\"(max-width: 750px) 100vw, 750px\" \/>                    <\/a>                                <\/figure>\n        <\/div>\n        \t\t<\/div>\n\t\t\t\t<\/div>\n\t\t\t\t\t<\/div>\n\t\t<\/div>\n\t\t\t\t\t<\/div>\n\t\t<\/section>\n\t\t\t\t<section class=\"elementor-section elementor-top-section elementor-element elementor-element-41cfe23b elementor-section-full_width elementor-section-height-default elementor-section-height-default\" data-id=\"41cfe23b\" data-element_type=\"section\">\n\t\t\t\t\t\t<div class=\"elementor-container elementor-column-gap-no\">\n\t\t\t\t\t<div class=\"elementor-column elementor-col-100 elementor-top-column elementor-element elementor-element-dc0e425\" data-id=\"dc0e425\" data-element_type=\"column\">\n\t\t\t<div class=\"elementor-widget-wrap elementor-element-populated\">\n\t\t\t\t\t\t<div class=\"elementor-element elementor-element-2649bbfa elementor-arrows-position-inside elementor-widget elementor-widget-image-carousel\" data-id=\"2649bbfa\" data-element_type=\"widget\" data-settings=\"{&quot;slides_to_show&quot;:&quot;4&quot;,&quot;navigation&quot;:&quot;arrows&quot;,&quot;autoplay&quot;:&quot;yes&quot;,&quot;pause_on_hover&quot;:&quot;yes&quot;,&quot;pause_on_interaction&quot;:&quot;yes&quot;,&quot;autoplay_speed&quot;:5000,&quot;infinite&quot;:&quot;yes&quot;,&quot;speed&quot;:500}\" data-widget_type=\"image-carousel.default\">\n\t\t\t\t<div class=\"elementor-widget-container\">\n\t\t\t\t\t<div class=\"elementor-image-carousel-wrapper swiper\" dir=\"ltr\">\n\t\t\t<div class=\"elementor-image-carousel swiper-wrapper swiper-image-stretch\" aria-live=\"off\">\n\t\t\t\t\t\t\t\t<div class=\"swiper-slide\" role=\"group\" aria-roledescription=\"slide\" aria-label=\"1 of 8\"><figure class=\"swiper-slide-inner\"><img decoding=\"async\" class=\"swiper-slide-image\" src=\"https:\/\/www.hakimbeykonagi.com.tr\/wp-content\/uploads\/2023\/10\/hakimbey-konagi-yeni-banner-sarkodasi-1-605x465.png\" alt=\"hakimbey-konagi-yeni-banner-sarkodasi-1\" \/><\/figure><\/div><div class=\"swiper-slide\" role=\"group\" aria-roledescription=\"slide\" aria-label=\"2 of 8\"><figure class=\"swiper-slide-inner\"><img decoding=\"async\" class=\"swiper-slide-image\" src=\"https:\/\/www.hakimbeykonagi.com.tr\/wp-content\/uploads\/2023\/10\/hakimbey-konagi-yeni-banner-01-8-605x465.jpg\" alt=\"hakimbey-konagi-yeni-banner-01-8\" \/><\/figure><\/div><div class=\"swiper-slide\" role=\"group\" aria-roledescription=\"slide\" aria-label=\"3 of 8\"><figure class=\"swiper-slide-inner\"><img decoding=\"async\" class=\"swiper-slide-image\" src=\"https:\/\/www.hakimbeykonagi.com.tr\/wp-content\/uploads\/2023\/10\/hakimbey-konagi-yeni-banner-01-23-605x465.jpg\" alt=\"hakimbey-konagi-yeni-banner-01-23\" \/><\/figure><\/div><div class=\"swiper-slide\" role=\"group\" aria-roledescription=\"slide\" aria-label=\"4 of 8\"><figure class=\"swiper-slide-inner\"><img decoding=\"async\" class=\"swiper-slide-image\" src=\"https:\/\/www.hakimbeykonagi.com.tr\/wp-content\/uploads\/2023\/10\/hakimbey-konagi-yeni-banner-01-21-605x465.jpg\" alt=\"hakimbey-konagi-yeni-banner-01-21\" \/><\/figure><\/div><div class=\"swiper-slide\" role=\"group\" aria-roledescription=\"slide\" aria-label=\"5 of 8\"><figure class=\"swiper-slide-inner\"><img decoding=\"async\" class=\"swiper-slide-image\" src=\"https:\/\/www.hakimbeykonagi.com.tr\/wp-content\/uploads\/2023\/10\/hakimbey-konagi-yeni-banner-01-17-605x465.jpg\" alt=\"hakimbey-konagi-yeni-banner-01-17\" \/><\/figure><\/div><div class=\"swiper-slide\" role=\"group\" aria-roledescription=\"slide\" aria-label=\"6 of 8\"><figure class=\"swiper-slide-inner\"><img decoding=\"async\" class=\"swiper-slide-image\" src=\"https:\/\/www.hakimbeykonagi.com.tr\/wp-content\/uploads\/2023\/10\/hakimbey-konagi-ana-sayfa-banner-02-605x465.jpeg\" alt=\"hakimbey-konagi-ana-sayfa-banner-02\" \/><\/figure><\/div><div class=\"swiper-slide\" role=\"group\" aria-roledescription=\"slide\" aria-label=\"7 of 8\"><figure class=\"swiper-slide-inner\"><img decoding=\"async\" class=\"swiper-slide-image\" src=\"https:\/\/www.hakimbeykonagi.com.tr\/wp-content\/uploads\/2023\/10\/hakimbey-konagi-ana-sayfa-banner-03-605x465.jpeg\" alt=\"hakimbey-konagi-ana-sayfa-banner-03\" \/><\/figure><\/div><div class=\"swiper-slide\" role=\"group\" aria-roledescription=\"slide\" aria-label=\"8 of 8\"><figure class=\"swiper-slide-inner\"><img decoding=\"async\" class=\"swiper-slide-image\" src=\"https:\/\/www.hakimbeykonagi.com.tr\/wp-content\/uploads\/2023\/10\/hakimbey-konagi-sira-gecesi-organizasyonu-605x460.jpg\" alt=\"S\u0131ra Gecesi Organizasyonu\" \/><\/figure><\/div>\t\t\t<\/div>\n\t\t\t\t\t\t\t\t\t\t\t\t<div class=\"elementor-swiper-button elementor-swiper-button-prev\" role=\"button\" tabindex=\"0\">\n\t\t\t\t\t\t<i aria-hidden=\"true\" class=\"eicon-chevron-left\"><\/i>\t\t\t\t\t<\/div>\n\t\t\t\t\t<div class=\"elementor-swiper-button elementor-swiper-button-next\" role=\"button\" tabindex=\"0\">\n\t\t\t\t\t\t<i aria-hidden=\"true\" class=\"eicon-chevron-right\"><\/i>\t\t\t\t\t<\/div>\n\t\t\t\t\n\t\t\t\t\t\t\t\t\t<\/div>\n\t\t\t\t<\/div>\n\t\t\t\t<\/div>\n\t\t\t\t\t<\/div>\n\t\t<\/div>\n\t\t\t\t\t<\/div>\n\t\t<\/section>\n\t\t\t\t<section class=\"elementor-section elementor-top-section elementor-element elementor-element-91a0aa8 elementor-section-boxed elementor-section-height-default elementor-section-height-default\" data-id=\"91a0aa8\" data-element_type=\"section\">\n\t\t\t\t\t\t<div class=\"elementor-container elementor-column-gap-default\">\n\t\t\t\t\t<div class=\"elementor-column elementor-col-100 elementor-top-column elementor-element elementor-element-41cee42\" data-id=\"41cee42\" data-element_type=\"column\">\n\t\t\t<div class=\"elementor-widget-wrap elementor-element-populated\">\n\t\t\t\t\t\t<div class=\"elementor-element elementor-element-0733d0e elementor-widget elementor-widget-spacer\" data-id=\"0733d0e\" data-element_type=\"widget\" data-widget_type=\"spacer.default\">\n\t\t\t\t<div class=\"elementor-widget-container\">\n\t\t\t\t\t<div class=\"elementor-spacer\">\n\t\t\t<div class=\"elementor-spacer-inner\"><\/div>\n\t\t<\/div>\n\t\t\t\t<\/div>\n\t\t\t\t<\/div>\n\t\t\t\t\t<\/div>\n\t\t<\/div>\n\t\t\t\t\t<\/div>\n\t\t<\/section>\n\t\t\t\t<\/div>","protected":false},"excerpt":{"rendered":"<p>S\u0131ra Gecesi Organizasyonu S\u0131ra Gecesi Organizasyonu \u015eanl\u0131urfa`da faaliyet g\u00f6steren Hakimbey Kona\u011f\u0131`nda Urfa\u2019n\u0131n Me\u015fhur S\u0131ra Gecesi, en e\u011flenceli \u015fekilde ya\u015fan\u0131r.Yerli ve yabanc\u0131 misafirlerimize, y\u00fcksek kalitede hizmetimizle , unutulmaz Urfa S\u0131ra Gecesi e\u011flencesi ya\u015fat\u0131yoruz.Urfa k\u00fclt\u00fcr\u00fcne ve misafir adab\u0131na hakim s\u0131ra gecesi ekibimiz &hellip; <a href=\"https:\/\/www.hakimbeykonagi.com.tr\/en\/sira-gecesi-organizasyonu\/\">Read More<\/a><\/p>","protected":false},"author":2,"featured_media":2320,"parent":0,"menu_order":31,"comment_status":"closed","ping_status":"closed","template":"","meta":{"footnotes":""},"class_list":["post-2319","page","type-page","status-publish","has-post-thumbnail","hentry"],"_links":{"self":[{"href":"https:\/\/www.hakimbeykonagi.com.tr\/en\/wp-json\/wp\/v2\/pages\/2319","targetHints":{"allow":["GET"]}}],"collection":[{"href":"https:\/\/www.hakimbeykonagi.com.tr\/en\/wp-json\/wp\/v2\/pages"}],"about":[{"href":"https:\/\/www.hakimbeykonagi.com.tr\/en\/wp-json\/wp\/v2\/types\/page"}],"author":[{"embeddable":true,"href":"https:\/\/www.hakimbeykonagi.com.tr\/en\/wp-json\/wp\/v2\/users\/2"}],"replies":[{"embeddable":true,"href":"https:\/\/www.hakimbeykonagi.com.tr\/en\/wp-json\/wp\/v2\/comments?post=2319"}],"version-history":[{"count":1,"href":"https:\/\/www.hakimbeykonagi.com.tr\/en\/wp-json\/wp\/v2\/pages\/2319\/revisions"}],"predecessor-version":[{"id":3339,"href":"https:\/\/www.hakimbeykonagi.com.tr\/en\/wp-json\/wp\/v2\/pages\/2319\/revisions\/3339"}],"wp:featuredmedia":[{"embeddable":true,"href":"https:\/\/www.hakimbeykonagi.com.tr\/en\/wp-json\/wp\/v2\/media\/2320"}],"wp:attachment":[{"href":"https:\/\/www.hakimbeykonagi.com.tr\/en\/wp-json\/wp\/v2\/media?parent=2319"}],"curies":[{"name":"wp","href":"https:\/\/api.w.org\/{rel}","templated":true}]}}