{"id":2418,"date":"2023-10-07T15:59:39","date_gmt":"2023-10-07T12:59:39","guid":{"rendered":"https:\/\/www.hakimbeykonagi.com.tr\/?page_id=2418"},"modified":"2025-06-04T09:55:37","modified_gmt":"2025-06-04T06:55:37","slug":"sark-odasi","status":"publish","type":"page","link":"https:\/\/www.hakimbeykonagi.com.tr\/en\/sark-odasi\/","title":{"rendered":"Oriental Room"},"content":{"rendered":"<div data-elementor-type=\"wp-post\" data-elementor-id=\"2418\" class=\"elementor elementor-2418\">\n\t\t\t\t\t\t<section class=\"elementor-section elementor-top-section elementor-element elementor-element-ee2f948 elementor-section-full_width elementor-section-height-min-height elementor-section-items-bottom elementor-section-height-default\" data-id=\"ee2f948\" data-element_type=\"section\" data-settings=\"{&quot;background_background&quot;:&quot;classic&quot;}\">\n\t\t\t\t\t\t<div class=\"elementor-container elementor-column-gap-default\">\n\t\t\t\t\t<div class=\"elementor-column elementor-col-100 elementor-top-column elementor-element elementor-element-24e7dff\" data-id=\"24e7dff\" data-element_type=\"column\">\n\t\t\t<div class=\"elementor-widget-wrap elementor-element-populated\">\n\t\t\t\t\t\t<div class=\"elementor-element elementor-element-6f414f4 elementor-widget elementor-widget-spacer\" data-id=\"6f414f4\" data-element_type=\"widget\" data-widget_type=\"spacer.default\">\n\t\t\t\t<div class=\"elementor-widget-container\">\n\t\t\t\t\t<div class=\"elementor-spacer\">\n\t\t\t<div class=\"elementor-spacer-inner\"><\/div>\n\t\t<\/div>\n\t\t\t\t<\/div>\n\t\t\t\t<\/div>\n\t\t\t\t<div class=\"elementor-element elementor-element-68fbb24 elementor-widget elementor-widget-thhf-page-title\" data-id=\"68fbb24\" data-element_type=\"widget\" data-settings=\"{&quot;align&quot;:&quot;center&quot;}\" data-widget_type=\"thhf-page-title.default\">\n\t\t\t\t<div class=\"elementor-widget-container\">\n\t\t\t\t\t\n\t\t<div class=\"hfe-page-title hfe-page-title-wrapper elementor-widget-heading\">\n\n\t\t\t\t\t\t\t\t<h2 class=\"elementor-heading-title elementor-size-default\">\n\t\t\t\t\t\t\t\t\n\t\t\t\tOriental Room  \n\t\t\t<\/h2> \n\t\t\t\t\t<\/div>\n\t\t\t\t<\/div>\n\t\t\t\t<\/div>\n\t\t\t\t\t<\/div>\n\t\t<\/div>\n\t\t\t\t\t<\/div>\n\t\t<\/section>\n\t\t\t\t<section class=\"elementor-section elementor-top-section elementor-element elementor-element-71a18e4 elementor-section-boxed elementor-section-height-default elementor-section-height-default\" data-id=\"71a18e4\" data-element_type=\"section\" data-settings=\"{&quot;background_background&quot;:&quot;classic&quot;}\">\n\t\t\t\t\t\t<div class=\"elementor-container elementor-column-gap-default\">\n\t\t\t\t\t<div class=\"elementor-column elementor-col-50 elementor-top-column elementor-element elementor-element-0765a13\" data-id=\"0765a13\" data-element_type=\"column\">\n\t\t\t<div class=\"elementor-widget-wrap elementor-element-populated\">\n\t\t\t\t\t\t<div class=\"elementor-element elementor-element-05236ce elementor-widget elementor-widget-thhf-page-title\" data-id=\"05236ce\" data-element_type=\"widget\" data-settings=\"{&quot;align&quot;:&quot;left&quot;}\" data-widget_type=\"thhf-page-title.default\">\n\t\t\t\t<div class=\"elementor-widget-container\">\n\t\t\t\t\t\n\t\t<div class=\"hfe-page-title hfe-page-title-wrapper elementor-widget-heading\">\n\n\t\t\t\t\t\t\t\t<h2 class=\"elementor-heading-title elementor-size-default\">\n\t\t\t\t\t\t\t\t\n\t\t\t\tOriental Room  \n\t\t\t<\/h2> \n\t\t\t\t\t<\/div>\n\t\t\t\t<\/div>\n\t\t\t\t<\/div>\n\t\t\t\t<div class=\"elementor-element elementor-element-de63d30 elementor-widget elementor-widget-text-editor\" data-id=\"de63d30\" data-element_type=\"widget\" data-widget_type=\"text-editor.default\">\n\t\t\t\t<div class=\"elementor-widget-container\">\n\t\t\t\t\t\t\t<p>The oriental corner is a decoration and home design model that reflects the eastern cult. It usually consists of sofa sets or cushion sets. A warm conversational atmosphere is created with these items placed in a corner of the room. While there are rugs or carpet patterns on the floor, it is also possible to see rugs on the walls.<\/p><p>We serve you in all your organizations such as meetings and special events.<\/p>\t\t\t\t\t\t<\/div>\n\t\t\t\t<\/div>\n\t\t\t\t\t<\/div>\n\t\t<\/div>\n\t\t\t\t<div class=\"elementor-column elementor-col-50 elementor-top-column elementor-element elementor-element-496ce28\" data-id=\"496ce28\" data-element_type=\"column\">\n\t\t\t<div class=\"elementor-widget-wrap elementor-element-populated\">\n\t\t\t\t\t\t<div class=\"elementor-element elementor-element-de5e6f3 elementor-widget elementor-widget-thhf-post-image\" data-id=\"de5e6f3\" data-element_type=\"widget\" data-widget_type=\"thhf-post-image.default\">\n\t\t\t\t<div class=\"elementor-widget-container\">\n\t\t\t        <div class=\"hfe-post-image hfe-post-image-wrapper\">\n            <figure class=\"wp-caption\">\n                            <a href=\"https:\/\/www.hakimbeykonagi.com.tr\/wp-content\/uploads\/2023\/10\/hakimbey-konagi-yeni-banner-sarkodasi-1.png\">\n                \n                    <img fetchpriority=\"high\" decoding=\"async\" width=\"747\" height=\"669\" src=\"https:\/\/www.hakimbeykonagi.com.tr\/wp-content\/uploads\/2023\/10\/hakimbey-konagi-yeni-banner-sarkodasi-1.png\" class=\"attachment-large size-large wp-image-2269\" alt=\"\" srcset=\"https:\/\/www.hakimbeykonagi.com.tr\/wp-content\/uploads\/2023\/10\/hakimbey-konagi-yeni-banner-sarkodasi-1.png 747w, https:\/\/www.hakimbeykonagi.com.tr\/wp-content\/uploads\/2023\/10\/hakimbey-konagi-yeni-banner-sarkodasi-1-300x269.png 300w, https:\/\/www.hakimbeykonagi.com.tr\/wp-content\/uploads\/2023\/10\/hakimbey-konagi-yeni-banner-sarkodasi-1-89x80.png 89w, https:\/\/www.hakimbeykonagi.com.tr\/wp-content\/uploads\/2023\/10\/hakimbey-konagi-yeni-banner-sarkodasi-1-338x303.png 338w, https:\/\/www.hakimbeykonagi.com.tr\/wp-content\/uploads\/2023\/10\/hakimbey-konagi-yeni-banner-sarkodasi-1-45x40.png 45w\" sizes=\"(max-width: 747px) 100vw, 747px\" \/>                    <\/a>                                <\/figure>\n        <\/div>\n        \t\t<\/div>\n\t\t\t\t<\/div>\n\t\t\t\t\t<\/div>\n\t\t<\/div>\n\t\t\t\t\t<\/div>\n\t\t<\/section>\n\t\t\t\t<section class=\"elementor-section elementor-top-section elementor-element elementor-element-91a0aa8 elementor-section-boxed elementor-section-height-default elementor-section-height-default\" data-id=\"91a0aa8\" data-element_type=\"section\">\n\t\t\t\t\t\t<div class=\"elementor-container elementor-column-gap-default\">\n\t\t\t\t\t<div class=\"elementor-column elementor-col-100 elementor-top-column elementor-element elementor-element-41cee42\" data-id=\"41cee42\" data-element_type=\"column\">\n\t\t\t<div class=\"elementor-widget-wrap elementor-element-populated\">\n\t\t\t\t\t\t<div class=\"elementor-element elementor-element-0733d0e elementor-widget elementor-widget-spacer\" data-id=\"0733d0e\" data-element_type=\"widget\" data-widget_type=\"spacer.default\">\n\t\t\t\t<div class=\"elementor-widget-container\">\n\t\t\t\t\t<div class=\"elementor-spacer\">\n\t\t\t<div class=\"elementor-spacer-inner\"><\/div>\n\t\t<\/div>\n\t\t\t\t<\/div>\n\t\t\t\t<\/div>\n\t\t\t\t\t<\/div>\n\t\t<\/div>\n\t\t\t\t\t<\/div>\n\t\t<\/section>\n\t\t\t\t<\/div>","protected":false},"excerpt":{"rendered":"<p>\u015eark Odas\u0131 \u015eark Odas\u0131 \u015eark k\u00f6\u015fesi do\u011fu k\u00fclt\u00fcn\u00fc yans\u0131tan bir dekorasyon, ev tasar\u0131m modelidir. Genellikle sedir tak\u0131mlar\u0131 yada minder tak\u0131mlar\u0131ndan olu\u015fur. Odan\u0131n bir k\u00f6\u015fesine kurulan bu e\u015fyalar ile s\u0131cak bir muhabbet ortam\u0131 haz\u0131rlan\u0131r. Yerde kilim yada hal\u0131 deseni olurken, duvarlarda &hellip; <a href=\"https:\/\/www.hakimbeykonagi.com.tr\/en\/sark-odasi\/\">Read More<\/a><\/p>","protected":false},"author":2,"featured_media":2269,"parent":0,"menu_order":31,"comment_status":"closed","ping_status":"closed","template":"","meta":{"footnotes":""},"class_list":["post-2418","page","type-page","status-publish","has-post-thumbnail","hentry"],"_links":{"self":[{"href":"https:\/\/www.hakimbeykonagi.com.tr\/en\/wp-json\/wp\/v2\/pages\/2418","targetHints":{"allow":["GET"]}}],"collection":[{"href":"https:\/\/www.hakimbeykonagi.com.tr\/en\/wp-json\/wp\/v2\/pages"}],"about":[{"href":"https:\/\/www.hakimbeykonagi.com.tr\/en\/wp-json\/wp\/v2\/types\/page"}],"author":[{"embeddable":true,"href":"https:\/\/www.hakimbeykonagi.com.tr\/en\/wp-json\/wp\/v2\/users\/2"}],"replies":[{"embeddable":true,"href":"https:\/\/www.hakimbeykonagi.com.tr\/en\/wp-json\/wp\/v2\/comments?post=2418"}],"version-history":[{"count":1,"href":"https:\/\/www.hakimbeykonagi.com.tr\/en\/wp-json\/wp\/v2\/pages\/2418\/revisions"}],"predecessor-version":[{"id":3340,"href":"https:\/\/www.hakimbeykonagi.com.tr\/en\/wp-json\/wp\/v2\/pages\/2418\/revisions\/3340"}],"wp:featuredmedia":[{"embeddable":true,"href":"https:\/\/www.hakimbeykonagi.com.tr\/en\/wp-json\/wp\/v2\/media\/2269"}],"wp:attachment":[{"href":"https:\/\/www.hakimbeykonagi.com.tr\/en\/wp-json\/wp\/v2\/media?parent=2418"}],"curies":[{"name":"wp","href":"https:\/\/api.w.org\/{rel}","templated":true}]}}